{"id":79,"date":"2012-01-15T19:26:33","date_gmt":"2012-01-15T18:26:33","guid":{"rendered":"http:\/\/molina-vela-abogados.com\/valencia\/?page_id=79"},"modified":"2020-06-11T20:25:56","modified_gmt":"2020-06-11T19:25:56","slug":"ejecucion-de-sentencias","status":"publish","type":"page","link":"https:\/\/molina-vela-abogados.com\/valencia\/ejecucion-de-sentencias","title":{"rendered":"Ejecuci\u00f3n de sentencias"},"content":{"rendered":"<h2>Ejecuci\u00f3n de las sentencias dictadas en procedimientos de familia<\/h2>\n<p>Cuando alguno de los progenitores deja de cumplir con las obligaciones&nbsp;fijadas en la <strong>Sentencia de Separaci\u00f3n o Divorcio<\/strong>, puede obligarse judicialmente a su cumplimiento, a trav\u00e9s de un procedimiento de <strong>Ejecuci\u00f3n de Sentencia<\/strong>.<br \/>\nSe utiliza el procedimiento de ejecuci\u00f3n de sentencia en los supuestos en los que, el obligado al pago de la Pensi\u00f3n Alimenticia o Compensatoria, deja de abonarla; tambi\u00e9n es el adecuado cuando por alguno de los progenitores se incumple el r\u00e9gimen de visitas establecido en la Sentencia, ya sea por el progenitor no custodio, por no tener en su compa\u00f1\u00eda a los hijos cuando le corresponde, ya sea por el progenitor custodio, por impedir las visitas al progenitor que no ostenta la guarda y custodia.<br \/>\nLos reiterados incumplimientos de uno u otro progenitor llevan aparejadas perdidas de derechos respecto a los hijos, tales como privaci\u00f3n de la patria potestad, reducci\u00f3n del r\u00e9gimen de visitas o, incluso, perdida de la guarda y custodia de los hijos.<strong><\/strong><br \/>\nEs interesante prestar especial atenci\u00f3n a lo que se denomina <strong>\u201cS\u00edndrome de Alienaci\u00f3n Parental\u201d<\/strong> o <strong>\u201cS.A.P.\u201d<\/strong>, que se caracteriza por la influencia que ejerce uno de los progenitores (el que ostenta la guarda y custodia) sobre los hijos, en contra del que no la ostenta, hasta el punto que los hijos consideran una deslealtad cualquier manifestaci\u00f3n de cari\u00f1o hacia el progenitor no custodio, lo que dificulta, y en la mayor\u00eda de los casos, impide la relaci\u00f3n entre los hijos y el padre o madre que no tiene la guarda y custodia. Si se demuestra la existencia del S.A.P., derivar\u00eda en un cambio en la guarda y custodia, y el establecimiento de un restrictivo r\u00e9gimen de visitas al que ha perdido la guarda y custodia, con el fin de que deje de influir negativamente sobre los hijos, y puedan restablecerse la normalidad en las relaciones con el progenitor afectado por el \u201cS.A.P.\u201d. Esto ya ser\u00eda objeto de un <a title=\"Modificaci\u00f3n de medidas\" href=\"http:\/\/molina-vela-abogados.com\/valencia\/modificacion-de-medidas\">procedimiento de modificaci\u00f3n de medidas<\/a> y no de una ejecuci\u00f3n de sentencia.<br \/>\nEl<strong> impago de las pensiones y el incumplimiento del r\u00e9gimen de visitas<\/strong> tambi\u00e9n puede perseguirse a trav\u00e9s de un <strong>procedimiento penal<\/strong>, pues se encuentra sancionado penalmente como incumplimiento de las obligaciones familiares.<br \/>\nCons\u00faltenos su caso al tel\u00e9fono <strong>96 351 69 00<\/strong> al email&nbsp; <a href=\"mailto:molina.vela.abogados@gmail.com\">molina.vela.abogados@gmail.com<\/a> o a trav\u00e9s del <a title=\"Contacto\" href=\"http:\/\/molina-vela-abogados.com\/valencia\/contacto\">formulario de Contacto<\/a>, y nuestros abogados le aconsejar\u00e1n cual de los posibles procedimientos es el mas adecuado a sus circunstancias.<\/p>\n<div><\/div>\n<div class=\"sharedaddy sd-sharing-enabled\"><div class=\"robots-nocontent sd-block sd-social sd-social-icon sd-sharing\"><h3 class=\"sd-title\">Comparte esta p\u00e1gina:<\/h3><div class=\"sd-content\"><ul><li class=\"share-facebook\"><a rel=\"nofollow noopener noreferrer\" data-shared=\"sharing-facebook-79\" class=\"share-facebook sd-button share-icon no-text\" href=\"https:\/\/molina-vela-abogados.com\/valencia\/ejecucion-de-sentencias?share=facebook\" target=\"_blank\" title=\"Haz clic para compartir en Facebook\"><span><\/span><span class=\"sharing-screen-reader-text\">Haz clic para compartir en Facebook (Se abre en una ventana nueva)<\/span><\/a><\/li><li class=\"share-twitter\"><a rel=\"nofollow noopener noreferrer\" data-shared=\"sharing-twitter-79\" class=\"share-twitter sd-button share-icon no-text\" href=\"https:\/\/molina-vela-abogados.com\/valencia\/ejecucion-de-sentencias?share=twitter\" target=\"_blank\" title=\"Haz clic para compartir en Twitter\"><span><\/span><span class=\"sharing-screen-reader-text\">Haz clic para compartir en Twitter (Se abre en una ventana nueva)<\/span><\/a><\/li><li class=\"share-linkedin\"><a rel=\"nofollow noopener noreferrer\" data-shared=\"sharing-linkedin-79\" class=\"share-linkedin sd-button share-icon no-text\" href=\"https:\/\/molina-vela-abogados.com\/valencia\/ejecucion-de-sentencias?share=linkedin\" target=\"_blank\" title=\"Haz clic para compartir en LinkedIn\"><span><\/span><span class=\"sharing-screen-reader-text\">Haz clic para compartir en LinkedIn (Se abre en una ventana nueva)<\/span><\/a><\/li><li class=\"share-print\"><a rel=\"nofollow noopener noreferrer\" data-shared=\"\" class=\"share-print sd-button share-icon no-text\" href=\"https:\/\/molina-vela-abogados.com\/valencia\/ejecucion-de-sentencias\" target=\"_blank\" title=\"Haz clic para imprimir\"><span><\/span><span class=\"sharing-screen-reader-text\">Haz clic para imprimir (Se abre en una ventana nueva)<\/span><\/a><\/li><li class=\"share-email\"><a rel=\"nofollow noopener noreferrer\" data-shared=\"\" class=\"share-email sd-button share-icon no-text\" href=\"https:\/\/molina-vela-abogados.com\/valencia\/ejecucion-de-sentencias?share=email\" target=\"_blank\" title=\"Haz clic para enviar por correo electr\u00f3nico a un amigo\"><span><\/span><span class=\"sharing-screen-reader-text\">Haz clic para enviar por correo electr\u00f3nico a un amigo (Se abre en una ventana nueva)<\/span><\/a><\/li><li class=\"share-end\"><\/li><\/ul><\/div><\/div><\/div>","protected":false},"excerpt":{"rendered":"<p>Ejecuci\u00f3n de las sentencias dictadas en procedimientos de familia Cuando alguno de los progenitores deja de cumplir con las obligaciones&nbsp;fijadas en la Sentencia de Separaci\u00f3n o Divorcio, puede obligarse judicialmente a su cumplimiento, a trav\u00e9s de un procedimiento de Ejecuci\u00f3n de Sentencia. Se utiliza el procedimiento de ejecuci\u00f3n de sentencia en los supuestos en los &hellip; <a href=\"https:\/\/molina-vela-abogados.com\/valencia\/ejecucion-de-sentencias\" class=\"more-link\">Seguir leyendo <span class=\"screen-reader-text\">Ejecuci\u00f3n de sentencias<\/span> <span class=\"meta-nav\">&rarr;<\/span><\/a><\/p>\n<div class=\"sharedaddy sd-sharing-enabled\"><div class=\"robots-nocontent sd-block sd-social sd-social-icon sd-sharing\"><h3 class=\"sd-title\">Comparte esta p\u00e1gina:<\/h3><div class=\"sd-content\"><ul><li class=\"share-facebook\"><a rel=\"nofollow noopener noreferrer\" data-shared=\"sharing-facebook-79\" class=\"share-facebook sd-button share-icon no-text\" href=\"https:\/\/molina-vela-abogados.com\/valencia\/ejecucion-de-sentencias?share=facebook\" target=\"_blank\" title=\"Haz clic para compartir en Facebook\"><span><\/span><span class=\"sharing-screen-reader-text\">Haz clic para compartir en Facebook (Se abre en una ventana nueva)<\/span><\/a><\/li><li class=\"share-twitter\"><a rel=\"nofollow noopener noreferrer\" data-shared=\"sharing-twitter-79\" class=\"share-twitter sd-button share-icon no-text\" href=\"https:\/\/molina-vela-abogados.com\/valencia\/ejecucion-de-sentencias?share=twitter\" target=\"_blank\" title=\"Haz clic para compartir en Twitter\"><span><\/span><span class=\"sharing-screen-reader-text\">Haz clic para compartir en Twitter (Se abre en una ventana nueva)<\/span><\/a><\/li><li class=\"share-linkedin\"><a rel=\"nofollow noopener noreferrer\" data-shared=\"sharing-linkedin-79\" class=\"share-linkedin sd-button share-icon no-text\" href=\"https:\/\/molina-vela-abogados.com\/valencia\/ejecucion-de-sentencias?share=linkedin\" target=\"_blank\" title=\"Haz clic para compartir en LinkedIn\"><span><\/span><span class=\"sharing-screen-reader-text\">Haz clic para compartir en LinkedIn (Se abre en una ventana nueva)<\/span><\/a><\/li><li class=\"share-print\"><a rel=\"nofollow noopener noreferrer\" data-shared=\"\" class=\"share-print sd-button share-icon no-text\" href=\"https:\/\/molina-vela-abogados.com\/valencia\/ejecucion-de-sentencias\" target=\"_blank\" title=\"Haz clic para imprimir\"><span><\/span><span class=\"sharing-screen-reader-text\">Haz clic para imprimir (Se abre en una ventana nueva)<\/span><\/a><\/li><li class=\"share-email\"><a rel=\"nofollow noopener noreferrer\" data-shared=\"\" class=\"share-email sd-button share-icon no-text\" href=\"https:\/\/molina-vela-abogados.com\/valencia\/ejecucion-de-sentencias?share=email\" target=\"_blank\" title=\"Haz clic para enviar por correo electr\u00f3nico a un amigo\"><span><\/span><span class=\"sharing-screen-reader-text\">Haz clic para enviar por correo electr\u00f3nico a un amigo (Se abre en una ventana nueva)<\/span><\/a><\/li><li class=\"share-end\"><\/li><\/ul><\/div><\/div><\/div>","protected":false},"author":1,"featured_media":0,"parent":0,"menu_order":30,"comment_status":"closed","ping_status":"open","template":"","meta":{"spay_email":""},"jetpack_shortlink":"https:\/\/wp.me\/P23X9y-1h","jetpack_sharing_enabled":true,"jetpack_likes_enabled":true,"_links":{"self":[{"href":"https:\/\/molina-vela-abogados.com\/valencia\/wp-json\/wp\/v2\/pages\/79"}],"collection":[{"href":"https:\/\/molina-vela-abogados.com\/valencia\/wp-json\/wp\/v2\/pages"}],"about":[{"href":"https:\/\/molina-vela-abogados.com\/valencia\/wp-json\/wp\/v2\/types\/page"}],"author":[{"embeddable":true,"href":"https:\/\/molina-vela-abogados.com\/valencia\/wp-json\/wp\/v2\/users\/1"}],"replies":[{"embeddable":true,"href":"https:\/\/molina-vela-abogados.com\/valencia\/wp-json\/wp\/v2\/comments?post=79"}],"version-history":[{"count":9,"href":"https:\/\/molina-vela-abogados.com\/valencia\/wp-json\/wp\/v2\/pages\/79\/revisions"}],"predecessor-version":[{"id":301,"href":"https:\/\/molina-vela-abogados.com\/valencia\/wp-json\/wp\/v2\/pages\/79\/revisions\/301"}],"wp:attachment":[{"href":"https:\/\/molina-vela-abogados.com\/valencia\/wp-json\/wp\/v2\/media?parent=79"}],"curies":[{"name":"wp","href":"https:\/\/api.w.org\/{rel}","templated":true}]}}