{"id":4,"date":"2011-01-11T12:57:54","date_gmt":"2011-01-11T12:57:54","guid":{"rendered":"http:\/\/molina-vela-abogados.com\/wp\/?page_id=4"},"modified":"2020-06-11T20:18:06","modified_gmt":"2020-06-11T19:18:06","slug":"divorcios-y-separaciones-de-mutuo-acuerdo","status":"publish","type":"page","link":"https:\/\/molina-vela-abogados.com\/valencia\/divorcios-y-separaciones-de-mutuo-acuerdo","title":{"rendered":"Divorcios y Separaciones de Mutuo Acuerdo"},"content":{"rendered":"<p>Divorcios y Separaciones de mutuo acuerdo<\/p>\n<h2>Separaci\u00f3n de Mutuo Acuerdo<\/h2>\n<p>En supuestos de conflicto familiar, inicialmente coyuntural, el procedimiento indicado es el de <strong>SEPARACI\u00d3N<\/strong>, pues permite una regulaci\u00f3n completa de la nueva situaci\u00f3n, sin que se produzca una disoluci\u00f3n del matrimonio definitiva. En este supuesto, en caso de que la pareja decida convivir de nuevo, basta con comunicar al Juzgado, para su anotaci\u00f3n en el Registro Civil, la <strong>RECONCILIACI\u00d3N<\/strong>, sin necesidad de contraer un nuevo matrimonio.&nbsp; Los efectos principales, son el cese de la vida conyugal, por tanto del deber de guardarse fidelidad, de socorrerse mutuamente, el cese de la presunci\u00f3n de paternidad, p\u00e9rdida derechos sucesorios, modifica el estado civil y disuelve, y en su caso, liquida el r\u00e9gimen econ\u00f3mico matrimonial. Los tr\u00e1mites, en caso de ser de <strong>Separaci\u00f3n de Mutuo Acuerdo<\/strong>, son id\u00e9nticos a los supuestos de <strong>Divorcio de Mutuo Acuerdo<\/strong>.<\/p>\n<p>Debe redactarse una propuesta de <strong>CONVENIO REGULADOR<\/strong>, para que, una vez ratificado por ambos c\u00f3nyuges, sea aprobado por el Juez. Esta necesidad de aprobaci\u00f3n judicial, garantiza la posibilidad de reclamar judicialmente el cumplimiento de lo acordado entre ambos en el Convenio Regulador.<br \/>\n<a id=\"convenioregulador\" name=\"convenioregulador\"><\/a><\/p>\n<h3>El CONVENIO REGULADOR<\/h3>\n<p>Deber\u00e1 contener todas las medidas en relaci\u00f3n a:<\/p>\n<h4>A)&nbsp; HIJOS:<\/h4>\n<p><strong>Patria potestad<\/strong>, entendi\u00e9ndose por tal como el conjunto de derechos y obligaciones de los progenitores respecto de los hijos mientras no alcancen la mayor\u00eda de edad. Las decisiones importantes sobre la vida de los hijos se deben tomar conjuntamente por ambos progenitores.<\/p>\n<p><strong>Guarda y custodia<\/strong> de los hijos menores; con cual de los progenitores van a vivir los hijos menores, quien ejercer\u00e1 estas funciones del dia a dia de los hijos, o como se regular\u00e1 el r\u00e9gimen de <strong>CUSTODIA COMPARTIDA<\/strong>, incorporada a la normativa en el a\u00f1o 2005.<\/p>\n<p><strong>Pensi\u00f3n alimenticia<\/strong>: cantidad que debe abonar el progenitor que no tenga la guarda y custodia, o aportaciones de ambos progenitores en caso de custodias compartidas, para hacer frente a los gastos de alimentaci\u00f3n, vestido, habitaci\u00f3n de los hijos comunes.<\/p>\n<p><strong>R\u00e9gimen de visitas<\/strong>:&nbsp; cuando y como el progenitor que no tenga la guarda y custodia de los hijos menores va a comunicarse y permanecer con sus hijos, regulandose los periodos de vacaciones de los menores.<\/p>\n<p><strong>Uso y disfrute domicilio conyugal<\/strong>: Qui\u00e9n de ambos c\u00f3nyuges continuar\u00e1 viviendo en el domicilio que ha sido hasta la fecha el familiar. Normalmente, se atribuye a los hijos menores, y por tanto al progenitor que tenga atribuida la guarda y custodia de los mismos.<\/p>\n<h4>B) CONYUGES:<\/h4>\n<p><strong>Pensi\u00f3n compensatoria<\/strong>: en los casos que concurran las circunstancias legales para que se establezca la misma, regulando la cuanti\u00e1 y temporalidad de la misma.<\/p>\n<p>Opcionalmente, puede contener la <strong>liquidaci\u00f3n de la Sociedad de Gananciales<\/strong>, o bien puede dejarse para un momento posterior, o haberse realizado con anterioridad a este momento, cuando se han otorgado <strong>Capitulaciones Matrimoniales<\/strong>.<\/p>\n<h2>Divorcio de Mutuo Acuerdo<\/h2>\n<p>En el caso de que la ruptura, a priori, se prevea definitiva, el procedimiento adecuado para obtener la disoluci\u00f3n del matrimonio es el de <strong>DIVORCIO<\/strong>. Al igual que el procedimiento de separaci\u00f3n, \u00e9ste puede ser tanto de <strong>Mutuo Acuerdo<\/strong> como <strong>Contencioso<\/strong>. El \u00fanico requisito es que hayan transcurridos tres meses desde la celebraci\u00f3n del matrimonio.<\/p>\n<p>Respecto al <strong>DIVORCIO DE MUTUO ACUERDO<\/strong>, es un procedimiento r\u00e1pido y resulta mas econ\u00f3mico que el CONTENCIOSO, y, puede solicitarse, bien por uno solo de los c\u00f3nyuges con el consentimiento del otro, o bien por ambos conjuntamente. Debemos se\u00f1alar que, todo divorcio o separaci\u00f3n contenciosa, puede transformarse en de mutuo acuerdo, incluso una vez iniciado el proceso judicial.<\/p>\n<p>Al igual que en la Separaci\u00f3n de Mutuo Acuerdo, para la tramitaci\u00f3n del <strong>DIVORCIO DE MUTUO ACUERDO<\/strong> debe redactarse un <strong>CONVENIO REGULADOR<\/strong>, cuyo contenido es id\u00e9ntico al de la Separaci\u00f3n.<\/p>\n<p>Los EFECTOS son distintos en uno y otro caso, dado que la Separaci\u00f3n no disuelve el matrimonio y no permite uno nuevo, mientras que el Divorcio s\u00ed permite contraer un nuevo matrimonio. En caso de que el matrimonio disuelto fuera Can\u00f3nico, s\u00f3lo podr\u00eda contraerse nuevo matrimonio Civil, debiendo obtener la Nulidad Eclesi\u00e1stica, si se quiere contraer nuevo matrimonio Can\u00f3nico.<\/p>\n<p>Una vez que se ha tomado la decisi\u00f3n de iniciar el proceso de DIVORCIO o SEPARACI\u00d3N de MUTUO ACUERDO, tanto en uno como en otro caso, consulte los <a title=\"Tr\u00e1mites divorcio o separaci\u00f3n de mutuo acuerdo\" href=\"http:\/\/molina-vela-abogados.com\/valencia\/familia\/tramites-divorcio-o-separacion-de-mutuo-acuerdo\"><strong>Tr\u00e1mites a seguir en el proceso de Divorcio o Separaci\u00f3n de Mutuo Acuerdo<\/strong><\/a><\/p>\n<p>&nbsp;<\/p>\n<div class=\"sharedaddy sd-sharing-enabled\"><div class=\"robots-nocontent sd-block sd-social sd-social-icon sd-sharing\"><h3 class=\"sd-title\">Comparte esta p\u00e1gina:<\/h3><div class=\"sd-content\"><ul><li class=\"share-facebook\"><a rel=\"nofollow noopener noreferrer\" data-shared=\"sharing-facebook-4\" class=\"share-facebook sd-button share-icon no-text\" href=\"https:\/\/molina-vela-abogados.com\/valencia\/divorcios-y-separaciones-de-mutuo-acuerdo?share=facebook\" target=\"_blank\" title=\"Haz clic para compartir en Facebook\"><span><\/span><span class=\"sharing-screen-reader-text\">Haz clic para compartir en Facebook (Se abre en una ventana nueva)<\/span><\/a><\/li><li class=\"share-twitter\"><a rel=\"nofollow noopener noreferrer\" data-shared=\"sharing-twitter-4\" class=\"share-twitter sd-button share-icon no-text\" href=\"https:\/\/molina-vela-abogados.com\/valencia\/divorcios-y-separaciones-de-mutuo-acuerdo?share=twitter\" target=\"_blank\" title=\"Haz clic para compartir en Twitter\"><span><\/span><span class=\"sharing-screen-reader-text\">Haz clic para compartir en Twitter (Se abre en una ventana nueva)<\/span><\/a><\/li><li class=\"share-linkedin\"><a rel=\"nofollow noopener noreferrer\" data-shared=\"sharing-linkedin-4\" class=\"share-linkedin sd-button share-icon no-text\" href=\"https:\/\/molina-vela-abogados.com\/valencia\/divorcios-y-separaciones-de-mutuo-acuerdo?share=linkedin\" target=\"_blank\" title=\"Haz clic para compartir en LinkedIn\"><span><\/span><span class=\"sharing-screen-reader-text\">Haz clic para compartir en LinkedIn (Se abre en una ventana nueva)<\/span><\/a><\/li><li class=\"share-print\"><a rel=\"nofollow noopener noreferrer\" data-shared=\"\" class=\"share-print sd-button share-icon no-text\" href=\"https:\/\/molina-vela-abogados.com\/valencia\/divorcios-y-separaciones-de-mutuo-acuerdo\" target=\"_blank\" title=\"Haz clic para imprimir\"><span><\/span><span class=\"sharing-screen-reader-text\">Haz clic para imprimir (Se abre en una ventana nueva)<\/span><\/a><\/li><li class=\"share-email\"><a rel=\"nofollow noopener noreferrer\" data-shared=\"\" class=\"share-email sd-button share-icon no-text\" href=\"https:\/\/molina-vela-abogados.com\/valencia\/divorcios-y-separaciones-de-mutuo-acuerdo?share=email\" target=\"_blank\" title=\"Haz clic para enviar por correo electr\u00f3nico a un amigo\"><span><\/span><span class=\"sharing-screen-reader-text\">Haz clic para enviar por correo electr\u00f3nico a un amigo (Se abre en una ventana nueva)<\/span><\/a><\/li><li class=\"share-end\"><\/li><\/ul><\/div><\/div><\/div>","protected":false},"excerpt":{"rendered":"<p>Divorcios y Separaciones de mutuo acuerdo Separaci\u00f3n de Mutuo Acuerdo En supuestos de conflicto familiar, inicialmente coyuntural, el procedimiento indicado es el de SEPARACI\u00d3N, pues permite una regulaci\u00f3n completa de la nueva situaci\u00f3n, sin que se produzca una disoluci\u00f3n del matrimonio definitiva. En este supuesto, en caso de que la pareja decida convivir de nuevo, &hellip; <a href=\"https:\/\/molina-vela-abogados.com\/valencia\/divorcios-y-separaciones-de-mutuo-acuerdo\" class=\"more-link\">Seguir leyendo <span class=\"screen-reader-text\">Divorcios y Separaciones de Mutuo Acuerdo<\/span> <span class=\"meta-nav\">&rarr;<\/span><\/a><\/p>\n<div class=\"sharedaddy sd-sharing-enabled\"><div class=\"robots-nocontent sd-block sd-social sd-social-icon sd-sharing\"><h3 class=\"sd-title\">Comparte esta p\u00e1gina:<\/h3><div class=\"sd-content\"><ul><li class=\"share-facebook\"><a rel=\"nofollow noopener noreferrer\" data-shared=\"sharing-facebook-4\" class=\"share-facebook sd-button share-icon no-text\" href=\"https:\/\/molina-vela-abogados.com\/valencia\/divorcios-y-separaciones-de-mutuo-acuerdo?share=facebook\" target=\"_blank\" title=\"Haz clic para compartir en Facebook\"><span><\/span><span class=\"sharing-screen-reader-text\">Haz clic para compartir en Facebook (Se abre en una ventana nueva)<\/span><\/a><\/li><li class=\"share-twitter\"><a rel=\"nofollow noopener noreferrer\" data-shared=\"sharing-twitter-4\" class=\"share-twitter sd-button share-icon no-text\" href=\"https:\/\/molina-vela-abogados.com\/valencia\/divorcios-y-separaciones-de-mutuo-acuerdo?share=twitter\" target=\"_blank\" title=\"Haz clic para compartir en Twitter\"><span><\/span><span class=\"sharing-screen-reader-text\">Haz clic para compartir en Twitter (Se abre en una ventana nueva)<\/span><\/a><\/li><li class=\"share-linkedin\"><a rel=\"nofollow noopener noreferrer\" data-shared=\"sharing-linkedin-4\" class=\"share-linkedin sd-button share-icon no-text\" href=\"https:\/\/molina-vela-abogados.com\/valencia\/divorcios-y-separaciones-de-mutuo-acuerdo?share=linkedin\" target=\"_blank\" title=\"Haz clic para compartir en LinkedIn\"><span><\/span><span class=\"sharing-screen-reader-text\">Haz clic para compartir en LinkedIn (Se abre en una ventana nueva)<\/span><\/a><\/li><li class=\"share-print\"><a rel=\"nofollow noopener noreferrer\" data-shared=\"\" class=\"share-print sd-button share-icon no-text\" href=\"https:\/\/molina-vela-abogados.com\/valencia\/divorcios-y-separaciones-de-mutuo-acuerdo\" target=\"_blank\" title=\"Haz clic para imprimir\"><span><\/span><span class=\"sharing-screen-reader-text\">Haz clic para imprimir (Se abre en una ventana nueva)<\/span><\/a><\/li><li class=\"share-email\"><a rel=\"nofollow noopener noreferrer\" data-shared=\"\" class=\"share-email sd-button share-icon no-text\" href=\"https:\/\/molina-vela-abogados.com\/valencia\/divorcios-y-separaciones-de-mutuo-acuerdo?share=email\" target=\"_blank\" title=\"Haz clic para enviar por correo electr\u00f3nico a un amigo\"><span><\/span><span class=\"sharing-screen-reader-text\">Haz clic para enviar por correo electr\u00f3nico a un amigo (Se abre en una ventana nueva)<\/span><\/a><\/li><li class=\"share-end\"><\/li><\/ul><\/div><\/div><\/div>","protected":false},"author":1,"featured_media":0,"parent":0,"menu_order":20,"comment_status":"closed","ping_status":"open","template":"","meta":{"spay_email":""},"jetpack_shortlink":"https:\/\/wp.me\/P23X9y-4","jetpack_sharing_enabled":true,"jetpack_likes_enabled":true,"_links":{"self":[{"href":"https:\/\/molina-vela-abogados.com\/valencia\/wp-json\/wp\/v2\/pages\/4"}],"collection":[{"href":"https:\/\/molina-vela-abogados.com\/valencia\/wp-json\/wp\/v2\/pages"}],"about":[{"href":"https:\/\/molina-vela-abogados.com\/valencia\/wp-json\/wp\/v2\/types\/page"}],"author":[{"embeddable":true,"href":"https:\/\/molina-vela-abogados.com\/valencia\/wp-json\/wp\/v2\/users\/1"}],"replies":[{"embeddable":true,"href":"https:\/\/molina-vela-abogados.com\/valencia\/wp-json\/wp\/v2\/comments?post=4"}],"version-history":[{"count":15,"href":"https:\/\/molina-vela-abogados.com\/valencia\/wp-json\/wp\/v2\/pages\/4\/revisions"}],"predecessor-version":[{"id":299,"href":"https:\/\/molina-vela-abogados.com\/valencia\/wp-json\/wp\/v2\/pages\/4\/revisions\/299"}],"wp:attachment":[{"href":"https:\/\/molina-vela-abogados.com\/valencia\/wp-json\/wp\/v2\/media?parent=4"}],"curies":[{"name":"wp","href":"https:\/\/api.w.org\/{rel}","templated":true}]}}