{"id":289,"date":"2019-03-20T13:17:57","date_gmt":"2019-03-20T12:17:57","guid":{"rendered":"https:\/\/molina-vela-abogados.com\/valencia\/?page_id=289"},"modified":"2019-03-20T13:17:58","modified_gmt":"2019-03-20T12:17:58","slug":"politica-de-cookies","status":"publish","type":"page","link":"https:\/\/molina-vela-abogados.com\/valencia\/politica-de-cookies","title":{"rendered":"Pol\u00edtica de Cookies"},"content":{"rendered":"\n<p><strong>1.- ANTECEDENTES<\/strong><\/p>\n\n\n\n<p>De conformidad con la normativa espa\u00f1ola que regula el uso de cookies  en relaci\u00f3n a la prestaci\u00f3n de servicios de comunicaciones  electr\u00f3nicas, recogida en el Real Decreto Ley 13\/2012 del 30 de marzo,  le informamos sobre las cookies utilizadas en el sitio web de <strong>molina-vela-abogados.com <\/strong>y  el motivo de su uso. Asimismo, le informa de que al navegar en el Sitio  Web usted est\u00e1 prestando su consentimiento para poder utilizarlas.<\/p>\n\n\n\n<p><strong>2.- \u00bfQUE SON LAS COOKIES?<\/strong><\/p>\n\n\n\n<p>Una cookie es un fichero que se descarga en su ordenador al acceder a\n determinadas p\u00e1ginas web. Las cookies permiten a una p\u00e1gina web, entre \notras cosas, almacenar y recuperar informaci\u00f3n sobre los h\u00e1bitos de \nnavegaci\u00f3n de un usuario o de su equipo y, dependiendo de la informaci\u00f3n\n que contengan y de la forma en que utilice su equipo, pueden utilizarse\n para reconocer al usuario. Las cookies se asocian \u00fanicamente a un \nusuario an\u00f3nimo y su ordenador o dispositivo y no proporcionan \nreferencias que permitan conocer sus datos personales.<\/p>\n\n\n\n<p><strong>3.- TIPOS DE COOKIES<\/strong><\/p>\n\n\n\n<p>1.- <strong>Cookies propias<\/strong>: Son aqu\u00e9llas que se env\u00edan al \nequipo terminal del usuario desde un equipo o dominio gestionado por el \npropio editor y desde el que se presta el servicio Solicitado por el \nusuario.<\/p>\n\n\n\n<p>2.- <strong>Cookies de terceros<\/strong>: Son aqu\u00e9llas que se env\u00edan \nal equipo terminal del usuario desde un equipo o dominio que no es \ngestionado por el editor, sino por otra entidad que trata los datos \nobtenidos trav\u00e9s de las cookies.<\/p>\n\n\n\n<p>3.- <strong>Cookies de sesi\u00f3n:<\/strong> Son un tipo de cookies dise\u00f1adas para recabar y almacenar datos mientras el usuario accede a una p\u00e1gina web.<\/p>\n\n\n\n<p>4.- <strong>Cookies persistentes<\/strong>: Son un tipo de cookies en \nel que los datos siguen almacenados en el terminal y pueden ser \naccedidos y tratados durante un periodo definido por el responsable de \nla cookie, y que puede ir de unos minutos a varios a\u00f1os.<\/p>\n\n\n\n<p>5.- <strong>Cookies de an\u00e1lisis<\/strong>: Son aqu\u00e9llas que bien \ntratadas por nosotros o por terceros, nos permiten cuantificar el n\u00famero\n de usuarios y as\u00ed realizar la medici\u00f3n y an\u00e1lisis estad\u00edstico de la \nutilizaci\u00f3n que hacen los usuarios del servicio ofertado. Para ello se \nanaliza su navegaci\u00f3n en nuestra p\u00e1gina web con el fin de mejorar la \noferta de productos o servicios que le ofrecemos.<\/p>\n\n\n\n<p>6.- <strong>Cookies publicitarias<\/strong>: Son aqu\u00e9llas que permiten\n la gesti\u00f3n, de la forma m\u00e1s eficaz posible, de los espacios \npublicitarios que, en su caso, el editor haya incluido en una p\u00e1gina \nweb, aplicaci\u00f3n o plataforma desde la que presta el servicio solicitado \nen base a criterios como el contenido editado o la frecuencia en la que \nse muestran los anuncios.<\/p>\n\n\n\n<p>7.- <strong>Cookies de publicidad comportamental<\/strong>: Son \naqu\u00e9llas que permiten la gesti\u00f3n, de la forma m\u00e1s eficaz posible, de los\n espacios publicitarios que, en su caso, el editor haya incluido en una \np\u00e1gina web, aplicaci\u00f3n o plataforma desde la que presta el servicio \nsolicitado. Estas cookies almacenan informaci\u00f3n del comportamiento de \nlos usuarios obtenida a trav\u00e9s de la observaci\u00f3n continuada de sus \nh\u00e1bitos de navegaci\u00f3n, lo que permite desarrollar un perfil espec\u00edfico \npara mostrar publicidad en funci\u00f3n del mismo. Asimismo es posible que al\n visitar alguna p\u00e1gina web o al abrir alg\u00fan email donde se publique \nalg\u00fan anuncio o alguna promoci\u00f3n sobre nuestros productos o servicios se\n instale en tu navegador alguna cookie que nos sirve para mostrarte \nposteriormente publicidad relacionada con la b\u00fasqueda que hayas \nrealizado, desarrollar un control de nuestros anuncios en relaci\u00f3n, por \nejemplo, con el n\u00famero de veces que son vistos, donde aparecen, a qu\u00e9 \nhora se ven, etc.<\/p>\n\n\n\n<p><strong>4.- TIPOS DE COOKIES UTILIZADAS POR ESTE SITIO WEB<\/strong><\/p>\n\n\n\n<p><strong>molina-vela-abogados.com<\/strong> no utiliza cookies publicitarias o de publicidad comportamental.<\/p>\n\n\n\n<p>La utilizaci\u00f3n de las&nbsp;cookies&nbsp;ofrece ventajas en la prestaci\u00f3n de \nservicios dentro de lo que se conoce como la sociedad de la informaci\u00f3n,\n puesto que, facilita al usuario la navegaci\u00f3n y el acceso a los \ndiferentes servicios que ofrece este sitio web; evita al usuario tener \nque configurar las caracter\u00edsticas generales predefinidas cada vez que \naccede al sitio web; favorece la mejora del funcionamiento y de los \nservicios prestados a trav\u00e9s de este sitio web, tras el correspondiente \nan\u00e1lisis de la informaci\u00f3n obtenida a trav\u00e9s de las&nbsp;cookies&nbsp;instaladas.<\/p>\n\n\n\n<p><strong>5.- REVOCACI\u00d3N Y ELIMINACI\u00d3N DE COOKIES<\/strong><\/p>\n\n\n\n<p>En todo momento podr\u00e1 acceder a la configuraci\u00f3n de su navegador \naceptando o rechazando todas las cookies, o bien seleccionar aqu\u00e9llas \ncuya instalaci\u00f3n admite y cu\u00e1les no, siguiendo uno de los siguientes \nprocedimientos, que depende del navegador que utilice:<\/p>\n\n\n\n<p><strong>Google Chrome<\/strong>&nbsp;(en el Men\u00fa Herramientas)<br> Configuraci\u00f3n &gt; Mostrar opciones avanzadas &gt; Privacidad (Configuraci\u00f3n de Contenido) &gt; Cookies<br> M\u00e1s informaci\u00f3n:&nbsp;<a href=\"https:\/\/support.google.com\/chrome\/answer\/95647?hl=es\">https:\/\/support.google.com\/chrome\/answer\/95647?hl=es&nbsp;<\/a><\/p>\n\n\n\n<p><strong>Microsoft Internet Explorer<\/strong>&nbsp;(en el Men\u00fa Herramientas)<br> Opciones de Internet &gt; Privacidad &gt; Avanzada<br> M\u00e1s informaci\u00f3n:&nbsp;<a href=\"http:\/\/windows.microsoft.com\/es-es\/internet-explorer\/delete-manage-cookies#ie=ie-9\">http:\/\/windows.microsoft.com\/es-es\/internet-explorer\/delete-manage-cookies#ie=ie-9&nbsp;<\/a><\/p>\n\n\n\n<p><strong>Firefox<\/strong><br> Opciones &gt; Privacidad &gt; Cookies<br> M\u00e1s informaci\u00f3n:&nbsp;<a href=\"https:\/\/support.mozilla.org\/es\/kb\/habilitar-y-deshabilitar-cookies-que-los-sitios-we\">http:\/\/support.mozilla.org\/es\/kb\/habilitar-y-deshabilitar-cookies-que-los-sitios-we&nbsp;<\/a><\/p>\n\n\n\n<p><strong>Safari , iPad e iPhone<\/strong><br> Preferencias &gt; Privacidad<br> M\u00e1s informaci\u00f3n:&nbsp;<a href=\"https:\/\/www.apple.com\/es\/privacy\/use-of-cookies\/\">http:\/\/www.apple.com\/es\/privacy\/use-of-cookies\/<\/a><\/p>\n\n\n\n<p><strong>Opera<\/strong><br> Configuraci\u00f3n &gt; Opciones &gt; Avanzado &gt; Cookies<br> M\u00e1s informaci\u00f3n:&nbsp;<a href=\"http:\/\/help.opera.com\/Linux\/10.60\/es-ES\/cookies.html\">http:\/\/help.opera.com\/Linux\/10.60\/es-ES\/cookies.html&nbsp;<\/a><\/p>\n<div class=\"sharedaddy sd-sharing-enabled\"><div class=\"robots-nocontent sd-block sd-social sd-social-icon sd-sharing\"><h3 class=\"sd-title\">Comparte esta p\u00e1gina:<\/h3><div class=\"sd-content\"><ul><li class=\"share-facebook\"><a rel=\"nofollow noopener noreferrer\" data-shared=\"sharing-facebook-289\" class=\"share-facebook sd-button share-icon no-text\" href=\"https:\/\/molina-vela-abogados.com\/valencia\/politica-de-cookies?share=facebook\" target=\"_blank\" title=\"Haz clic para compartir en Facebook\"><span><\/span><span class=\"sharing-screen-reader-text\">Haz clic para compartir en Facebook (Se abre en una ventana nueva)<\/span><\/a><\/li><li class=\"share-twitter\"><a rel=\"nofollow noopener noreferrer\" data-shared=\"sharing-twitter-289\" class=\"share-twitter sd-button share-icon no-text\" href=\"https:\/\/molina-vela-abogados.com\/valencia\/politica-de-cookies?share=twitter\" target=\"_blank\" title=\"Haz clic para compartir en Twitter\"><span><\/span><span class=\"sharing-screen-reader-text\">Haz clic para compartir en Twitter (Se abre en una ventana nueva)<\/span><\/a><\/li><li class=\"share-linkedin\"><a rel=\"nofollow noopener noreferrer\" data-shared=\"sharing-linkedin-289\" class=\"share-linkedin sd-button share-icon no-text\" href=\"https:\/\/molina-vela-abogados.com\/valencia\/politica-de-cookies?share=linkedin\" target=\"_blank\" title=\"Haz clic para compartir en LinkedIn\"><span><\/span><span class=\"sharing-screen-reader-text\">Haz clic para compartir en LinkedIn (Se abre en una ventana nueva)<\/span><\/a><\/li><li class=\"share-print\"><a rel=\"nofollow noopener noreferrer\" data-shared=\"\" class=\"share-print sd-button share-icon no-text\" href=\"https:\/\/molina-vela-abogados.com\/valencia\/politica-de-cookies\" target=\"_blank\" title=\"Haz clic para imprimir\"><span><\/span><span class=\"sharing-screen-reader-text\">Haz clic para imprimir (Se abre en una ventana nueva)<\/span><\/a><\/li><li class=\"share-email\"><a rel=\"nofollow noopener noreferrer\" data-shared=\"\" class=\"share-email sd-button share-icon no-text\" href=\"https:\/\/molina-vela-abogados.com\/valencia\/politica-de-cookies?share=email\" target=\"_blank\" title=\"Haz clic para enviar por correo electr\u00f3nico a un amigo\"><span><\/span><span class=\"sharing-screen-reader-text\">Haz clic para enviar por correo electr\u00f3nico a un amigo (Se abre en una ventana nueva)<\/span><\/a><\/li><li class=\"share-end\"><\/li><\/ul><\/div><\/div><\/div>","protected":false},"excerpt":{"rendered":"<p>1.- ANTECEDENTES De conformidad con la normativa espa\u00f1ola que regula el uso de cookies en relaci\u00f3n a la prestaci\u00f3n de servicios de comunicaciones electr\u00f3nicas, recogida en el Real Decreto Ley 13\/2012 del 30 de marzo, le informamos sobre las cookies utilizadas en el sitio web de molina-vela-abogados.com y el motivo de su uso. Asimismo, le &hellip; <a href=\"https:\/\/molina-vela-abogados.com\/valencia\/politica-de-cookies\" class=\"more-link\">Seguir leyendo <span class=\"screen-reader-text\">Pol\u00edtica de Cookies<\/span> <span class=\"meta-nav\">&rarr;<\/span><\/a><\/p>\n<div class=\"sharedaddy sd-sharing-enabled\"><div class=\"robots-nocontent sd-block sd-social sd-social-icon sd-sharing\"><h3 class=\"sd-title\">Comparte esta p\u00e1gina:<\/h3><div class=\"sd-content\"><ul><li class=\"share-facebook\"><a rel=\"nofollow noopener noreferrer\" data-shared=\"sharing-facebook-289\" class=\"share-facebook sd-button share-icon no-text\" href=\"https:\/\/molina-vela-abogados.com\/valencia\/politica-de-cookies?share=facebook\" target=\"_blank\" title=\"Haz clic para compartir en Facebook\"><span><\/span><span class=\"sharing-screen-reader-text\">Haz clic para compartir en Facebook (Se abre en una ventana nueva)<\/span><\/a><\/li><li class=\"share-twitter\"><a rel=\"nofollow noopener noreferrer\" data-shared=\"sharing-twitter-289\" class=\"share-twitter sd-button share-icon no-text\" href=\"https:\/\/molina-vela-abogados.com\/valencia\/politica-de-cookies?share=twitter\" target=\"_blank\" title=\"Haz clic para compartir en Twitter\"><span><\/span><span class=\"sharing-screen-reader-text\">Haz clic para compartir en Twitter (Se abre en una ventana nueva)<\/span><\/a><\/li><li class=\"share-linkedin\"><a rel=\"nofollow noopener noreferrer\" data-shared=\"sharing-linkedin-289\" class=\"share-linkedin sd-button share-icon no-text\" href=\"https:\/\/molina-vela-abogados.com\/valencia\/politica-de-cookies?share=linkedin\" target=\"_blank\" title=\"Haz clic para compartir en LinkedIn\"><span><\/span><span class=\"sharing-screen-reader-text\">Haz clic para compartir en LinkedIn (Se abre en una ventana nueva)<\/span><\/a><\/li><li class=\"share-print\"><a rel=\"nofollow noopener noreferrer\" data-shared=\"\" class=\"share-print sd-button share-icon no-text\" href=\"https:\/\/molina-vela-abogados.com\/valencia\/politica-de-cookies\" target=\"_blank\" title=\"Haz clic para imprimir\"><span><\/span><span class=\"sharing-screen-reader-text\">Haz clic para imprimir (Se abre en una ventana nueva)<\/span><\/a><\/li><li class=\"share-email\"><a rel=\"nofollow noopener noreferrer\" data-shared=\"\" class=\"share-email sd-button share-icon no-text\" href=\"https:\/\/molina-vela-abogados.com\/valencia\/politica-de-cookies?share=email\" target=\"_blank\" title=\"Haz clic para enviar por correo electr\u00f3nico a un amigo\"><span><\/span><span class=\"sharing-screen-reader-text\">Haz clic para enviar por correo electr\u00f3nico a un amigo (Se abre en una ventana nueva)<\/span><\/a><\/li><li class=\"share-end\"><\/li><\/ul><\/div><\/div><\/div>","protected":false},"author":1,"featured_media":0,"parent":0,"menu_order":0,"comment_status":"closed","ping_status":"closed","template":"","meta":{"spay_email":""},"jetpack_shortlink":"https:\/\/wp.me\/P23X9y-4F","jetpack_sharing_enabled":true,"jetpack_likes_enabled":true,"_links":{"self":[{"href":"https:\/\/molina-vela-abogados.com\/valencia\/wp-json\/wp\/v2\/pages\/289"}],"collection":[{"href":"https:\/\/molina-vela-abogados.com\/valencia\/wp-json\/wp\/v2\/pages"}],"about":[{"href":"https:\/\/molina-vela-abogados.com\/valencia\/wp-json\/wp\/v2\/types\/page"}],"author":[{"embeddable":true,"href":"https:\/\/molina-vela-abogados.com\/valencia\/wp-json\/wp\/v2\/users\/1"}],"replies":[{"embeddable":true,"href":"https:\/\/molina-vela-abogados.com\/valencia\/wp-json\/wp\/v2\/comments?post=289"}],"version-history":[{"count":1,"href":"https:\/\/molina-vela-abogados.com\/valencia\/wp-json\/wp\/v2\/pages\/289\/revisions"}],"predecessor-version":[{"id":290,"href":"https:\/\/molina-vela-abogados.com\/valencia\/wp-json\/wp\/v2\/pages\/289\/revisions\/290"}],"wp:attachment":[{"href":"https:\/\/molina-vela-abogados.com\/valencia\/wp-json\/wp\/v2\/media?parent=289"}],"curies":[{"name":"wp","href":"https:\/\/api.w.org\/{rel}","templated":true}]}}