{"id":285,"date":"2019-03-20T11:48:19","date_gmt":"2019-03-20T10:48:19","guid":{"rendered":"https:\/\/molina-vela-abogados.com\/valencia\/?page_id=285"},"modified":"2023-03-20T19:09:47","modified_gmt":"2023-03-20T18:09:47","slug":"aviso-legal","status":"publish","type":"page","link":"https:\/\/molina-vela-abogados.com\/valencia\/aviso-legal","title":{"rendered":"Aviso Legal"},"content":{"rendered":"\n<p>Con la finalidad de dar cumplimiento al art\u00edculo 10 de la Ley 34\/2002\n de Servicios de la Sociedad de la Informaci\u00f3n y Comercio Electr\u00f3nico, \ninformamos al usuario de nuestros datos:<\/p>\n\n\n\n<p><br> Denominaci\u00f3n Social: <strong> M.V. Abogados <\/strong><\/p>\n\n\n\n<p>Domicilio Social: Avd Arag\u00f3n n\u00ba 8<br>46021 Valencia <br>ES Espa\u00f1a<\/p>\n\n\n\n<p>Colegiado N\u00ba : 10799 (Ilustre Colegio de Abogados de Valencia)<\/p>\n\n\n\n<p>e-mail: <a href=\"mailto:molina.vela.abogados@gmail.com\">molina.vela.abogados@gmail.com<\/a><\/p>\n\n\n\n<p>Pagina web: <a href=\"https:\/\/molina-vela-abogados.com\">https:\/\/molina-vela-abogados.com<\/a><\/p>\n\n\n\n<p><strong>1.- OBJETO<\/strong><\/p>\n\n\n\n<p>El prestador, responsable del sitio web, pone a disposici\u00f3n de los \nusuarios el presente documento con el que pretende dar cumplimiento a \nlas obligaciones dispuestas en la Ley 34\/2002, de Servicios de la \nSociedad de la Informaci\u00f3n y del Comercio Electr\u00f3nico (LSSI-CE), as\u00ed \ncomo informar a todos los usuarios del sitio web respecto a cu\u00e1les son \nlas condiciones de uso del sitio web.<\/p>\n\n\n\n<p>Toda persona que acceda a este sitio web asume el papel de usuario, \ncomprometi\u00e9ndose a la observancia y cumplimiento riguroso de las \ndisposiciones aqu\u00ed dispuestas, as\u00ed como a cualesquiera otra disposici\u00f3n \nlegal que fuera de aplicaci\u00f3n.<\/p>\n\n\n\n<p>El prestador se reserva el derecho a modificar cualquier tipo de \ninformaci\u00f3n que pudiera aparecer en el sitio web, sin que exista \nobligaci\u00f3n de preavisar o poner en conocimiento de los usuarios dichas \nobligaciones, entendi\u00e9ndose como suficiente con la publicaci\u00f3n en el \nsitio web del prestador.<\/p>\n\n\n\n<p><strong>2.- RESPONSABILIDAD<\/strong><\/p>\n\n\n\n<p>El prestador se exime de cualquier tipo de responsabilidad derivada \nde la informaci\u00f3n publicada en su sitio web, siempre que esta \ninformaci\u00f3n haya sido manipulada o introducida por un tercero ajeno al \nmismo.<\/p>\n\n\n\n<p>El sitio web del prestador puede utilizar cookies (peque\u00f1os archivos \nde informaci\u00f3n que el servidor env\u00eda al ordenador de quien accede a la \np\u00e1gina) para llevar a cabo determinadas funciones que son consideradas \nimprescindibles para el correcto funcionamiento y visualizaci\u00f3n del \nsitio. Las cookies utilizadas en el sitio web tienen, en todo caso, \ncar\u00e1cter temporal con la \u00fanica finalidad de hacer m\u00e1s eficaz su \ntransmisi\u00f3n ulterior y desaparecen al terminar la sesi\u00f3n del usuario. En\n ning\u00fan caso se utilizar\u00e1n las cookies para recoger informaci\u00f3n de \ncar\u00e1cter personal.<\/p>\n\n\n\n<p>Desde el sitio web del cliente es posible que se redirija a \ncontenidos de terceros sitios web. Dado que el prestador no puede \ncontrolar siempre los contenidos introducidos por los terceros en sus \nsitios web, \u00e9ste no asume ning\u00fan tipo de responsabilidad respecto a \ndichos contenidos. En todo caso, el prestador manifiesta que proceder\u00e1 a\n la retirada inmediata de cualquier contenido que pudiera contravenir la\n legislaci\u00f3n nacional o internacional, la moral o el orden p\u00fablico, \nprocediendo a la retirada inmediata de la redirecci\u00f3n a dicho sitio web,\n poniendo en conocimiento de las autoridades competentes el contenido en\n cuesti\u00f3n.<\/p>\n\n\n\n<p>El prestador no se hace responsable de la informaci\u00f3n y contenidos \nalmacenados, a t\u00edtulo enunciativo pero no limitativo, en foros, chats, \ngeneradores de blogs, comentarios, redes sociales o cualesquiera otro \nmedio que permita a terceros publicar contenidos de forma independiente \nen la p\u00e1gina web del prestador. No obstante y en cumplimiento de lo \ndispuesto en el art. 11 y 16 de la LSSI-CE, el prestador se pone a \ndisposici\u00f3n de todos los usuarios, autoridades y fuerzas de seguridad, y\n colaborando de forma activa en la retirada o en su caso bloqueo de \ntodos aquellos contenidos que pudieran afectar o contravenir la \nlegislaci\u00f3n nacional, o internacional, derechos de terceros o la moral y\n el orden p\u00fablico. En caso de que el usuario considere que existe en el \nsitio web alg\u00fan contenido que pudiera ser susceptible de esta \nclasificaci\u00f3n, se ruega lo notifique de forma inmediata al administrador\n del sitio web.<\/p>\n\n\n\n<p>Este sitio web ha sido revisado y probado para que funcione \ncorrectamente. En principio, puede garantizarse el correcto \nfuncionamiento los 365 d\u00edas del a\u00f1o, 24 horas al d\u00eda. No obstante, el \nprestador no descarta la posibilidad de que existan ciertos errores de \nprogramaci\u00f3n, o que acontezcan causas de fuerza mayor, cat\u00e1strofes \nnaturales, huelgas, o circunstancias semejantes que hagan imposible el \nacceso a la p\u00e1gina web.<\/p>\n\n\n\n<p><strong>3.- PROPIEDAD INTELECTUAL E INDUSTRIAL<\/strong><\/p>\n\n\n\n<p>El sitio web, incluyendo a t\u00edtulo enunciativo pero no limitativo su \nprogramaci\u00f3n, edici\u00f3n, compilaci\u00f3n y dem\u00e1s elementos necesarios para su \nfuncionamiento, los dise\u00f1os, logotipos, texto y\/o gr\u00e1ficos son propiedad\n del prestador o en su caso dispone de licencia o autorizaci\u00f3n expresa \npor parte de los autores. Todos los contenidos del sitio web se \nencuentran debidamente protegidos por la normativa de propiedad \nintelectual e industrial, as\u00ed como inscritos en los registros p\u00fablicos \ncorrespondientes.<\/p>\n\n\n\n<p>Independientemente de la finalidad para la que fueran destinados, la \nreproducci\u00f3n total o parcial, uso, explotaci\u00f3n, distribuci\u00f3n y \ncomercializaci\u00f3n, requiere en todo caso de la autorizaci\u00f3n escrita \nprevia por parte del prestador. Cualquier uso no autorizado previamente \npor parte del prestador ser\u00e1 considerado un incumplimiento grave de los \nderechos de propiedad intelectual o industrial del autor.<\/p>\n\n\n\n<p>Los dise\u00f1os, logotipos, texto y\/o gr\u00e1ficos ajenos al prestador y que \npudieran aparecer en el sitio web, pertenecen a sus respectivos \npropietarios, siendo ellos mismos responsables de cualquier posible \ncontroversia que pudiera suscitarse respecto a los mismos. En todo caso,\n el prestador cuenta con la autorizaci\u00f3n expresa y previa por parte de \nlos mismos.<\/p>\n\n\n\n<p>El prestador NO AUTORIZA expresamente a que terceros puedan redirigir\n directamente a los contenidos concretos del sitio web, debiendo en todo\n caso redirigir al sitio web principal del prestador.<\/p>\n\n\n\n<p>El prestador reconoce a favor de sus titulares los correspondientes \nderechos de propiedad industrial e intelectual, no implicando su sola \nmenci\u00f3n o aparici\u00f3n en el sitio web la existencia de derechos o \nresponsabilidad alguna del prestador sobre los mismos, como tampoco \nrespaldo, patrocinio o recomendaci\u00f3n por parte del mismo.<\/p>\n\n\n\n<p>Para realizar cualquier tipo de observaci\u00f3n respecto a posibles \nincumplimientos de los derechos de propiedad intelectual o industrial, \nas\u00ed como sobre cualquiera de los contenidos del sitio web, puede hacerlo\n a trav\u00e9s del siguiente correo electr\u00f3nico.<\/p>\n\n\n\n<p><strong>4.- LEY APLICABLE Y JURISDICCI\u00d3N<\/strong><\/p>\n\n\n\n<p>Para la resoluci\u00f3n de todas las controversias o cuestiones \nrelacionadas con el presente sitio web o de las actividades en \u00e9l \ndesarrolladas, ser\u00e1 de aplicaci\u00f3n la legislaci\u00f3n espa\u00f1ola, a la que se \nsometen expresamente las partes, siendo competentes para la resoluci\u00f3n \nde todos los conflictos derivados o relacionados con su uso los Juzgados\n y Tribunales de Valencia.<\/p>\n<div class=\"sharedaddy sd-sharing-enabled\"><div class=\"robots-nocontent sd-block sd-social sd-social-icon sd-sharing\"><h3 class=\"sd-title\">Comparte esta p\u00e1gina:<\/h3><div class=\"sd-content\"><ul><li class=\"share-facebook\"><a rel=\"nofollow noopener noreferrer\" data-shared=\"sharing-facebook-285\" class=\"share-facebook sd-button share-icon no-text\" href=\"https:\/\/molina-vela-abogados.com\/valencia\/aviso-legal?share=facebook\" target=\"_blank\" title=\"Haz clic para compartir en Facebook\"><span><\/span><span class=\"sharing-screen-reader-text\">Haz clic para compartir en Facebook (Se abre en una ventana nueva)<\/span><\/a><\/li><li class=\"share-twitter\"><a rel=\"nofollow noopener noreferrer\" data-shared=\"sharing-twitter-285\" class=\"share-twitter sd-button share-icon no-text\" href=\"https:\/\/molina-vela-abogados.com\/valencia\/aviso-legal?share=twitter\" target=\"_blank\" title=\"Haz clic para compartir en Twitter\"><span><\/span><span class=\"sharing-screen-reader-text\">Haz clic para compartir en Twitter (Se abre en una ventana nueva)<\/span><\/a><\/li><li class=\"share-linkedin\"><a rel=\"nofollow noopener noreferrer\" data-shared=\"sharing-linkedin-285\" class=\"share-linkedin sd-button share-icon no-text\" href=\"https:\/\/molina-vela-abogados.com\/valencia\/aviso-legal?share=linkedin\" target=\"_blank\" title=\"Haz clic para compartir en LinkedIn\"><span><\/span><span class=\"sharing-screen-reader-text\">Haz clic para compartir en LinkedIn (Se abre en una ventana nueva)<\/span><\/a><\/li><li class=\"share-print\"><a rel=\"nofollow noopener noreferrer\" data-shared=\"\" class=\"share-print sd-button share-icon no-text\" href=\"https:\/\/molina-vela-abogados.com\/valencia\/aviso-legal\" target=\"_blank\" title=\"Haz clic para imprimir\"><span><\/span><span class=\"sharing-screen-reader-text\">Haz clic para imprimir (Se abre en una ventana nueva)<\/span><\/a><\/li><li class=\"share-email\"><a rel=\"nofollow noopener noreferrer\" data-shared=\"\" class=\"share-email sd-button share-icon no-text\" href=\"https:\/\/molina-vela-abogados.com\/valencia\/aviso-legal?share=email\" target=\"_blank\" title=\"Haz clic para enviar por correo electr\u00f3nico a un amigo\"><span><\/span><span class=\"sharing-screen-reader-text\">Haz clic para enviar por correo electr\u00f3nico a un amigo (Se abre en una ventana nueva)<\/span><\/a><\/li><li class=\"share-end\"><\/li><\/ul><\/div><\/div><\/div>","protected":false},"excerpt":{"rendered":"<p>Con la finalidad de dar cumplimiento al art\u00edculo 10 de la Ley 34\/2002 de Servicios de la Sociedad de la Informaci\u00f3n y Comercio Electr\u00f3nico, informamos al usuario de nuestros datos: Denominaci\u00f3n Social: M.V. Abogados Domicilio Social: Avd Arag\u00f3n n\u00ba 846021 Valencia ES Espa\u00f1a Colegiado N\u00ba : 10799 (Ilustre Colegio de Abogados de Valencia) e-mail: molina.vela.abogados@gmail.com &hellip; <a href=\"https:\/\/molina-vela-abogados.com\/valencia\/aviso-legal\" class=\"more-link\">Seguir leyendo <span class=\"screen-reader-text\">Aviso Legal<\/span> <span class=\"meta-nav\">&rarr;<\/span><\/a><\/p>\n<div class=\"sharedaddy sd-sharing-enabled\"><div class=\"robots-nocontent sd-block sd-social sd-social-icon sd-sharing\"><h3 class=\"sd-title\">Comparte esta p\u00e1gina:<\/h3><div class=\"sd-content\"><ul><li class=\"share-facebook\"><a rel=\"nofollow noopener noreferrer\" data-shared=\"sharing-facebook-285\" class=\"share-facebook sd-button share-icon no-text\" href=\"https:\/\/molina-vela-abogados.com\/valencia\/aviso-legal?share=facebook\" target=\"_blank\" title=\"Haz clic para compartir en Facebook\"><span><\/span><span class=\"sharing-screen-reader-text\">Haz clic para compartir en Facebook (Se abre en una ventana nueva)<\/span><\/a><\/li><li class=\"share-twitter\"><a rel=\"nofollow noopener noreferrer\" data-shared=\"sharing-twitter-285\" class=\"share-twitter sd-button share-icon no-text\" href=\"https:\/\/molina-vela-abogados.com\/valencia\/aviso-legal?share=twitter\" target=\"_blank\" title=\"Haz clic para compartir en Twitter\"><span><\/span><span class=\"sharing-screen-reader-text\">Haz clic para compartir en Twitter (Se abre en una ventana nueva)<\/span><\/a><\/li><li class=\"share-linkedin\"><a rel=\"nofollow noopener noreferrer\" data-shared=\"sharing-linkedin-285\" class=\"share-linkedin sd-button share-icon no-text\" href=\"https:\/\/molina-vela-abogados.com\/valencia\/aviso-legal?share=linkedin\" target=\"_blank\" title=\"Haz clic para compartir en LinkedIn\"><span><\/span><span class=\"sharing-screen-reader-text\">Haz clic para compartir en LinkedIn (Se abre en una ventana nueva)<\/span><\/a><\/li><li class=\"share-print\"><a rel=\"nofollow noopener noreferrer\" data-shared=\"\" class=\"share-print sd-button share-icon no-text\" href=\"https:\/\/molina-vela-abogados.com\/valencia\/aviso-legal\" target=\"_blank\" title=\"Haz clic para imprimir\"><span><\/span><span class=\"sharing-screen-reader-text\">Haz clic para imprimir (Se abre en una ventana nueva)<\/span><\/a><\/li><li class=\"share-email\"><a rel=\"nofollow noopener noreferrer\" data-shared=\"\" class=\"share-email sd-button share-icon no-text\" href=\"https:\/\/molina-vela-abogados.com\/valencia\/aviso-legal?share=email\" target=\"_blank\" title=\"Haz clic para enviar por correo electr\u00f3nico a un amigo\"><span><\/span><span class=\"sharing-screen-reader-text\">Haz clic para enviar por correo electr\u00f3nico a un amigo (Se abre en una ventana nueva)<\/span><\/a><\/li><li class=\"share-end\"><\/li><\/ul><\/div><\/div><\/div>","protected":false},"author":1,"featured_media":0,"parent":0,"menu_order":0,"comment_status":"closed","ping_status":"closed","template":"","meta":{"spay_email":""},"jetpack_shortlink":"https:\/\/wp.me\/P23X9y-4B","jetpack_sharing_enabled":true,"jetpack_likes_enabled":true,"_links":{"self":[{"href":"https:\/\/molina-vela-abogados.com\/valencia\/wp-json\/wp\/v2\/pages\/285"}],"collection":[{"href":"https:\/\/molina-vela-abogados.com\/valencia\/wp-json\/wp\/v2\/pages"}],"about":[{"href":"https:\/\/molina-vela-abogados.com\/valencia\/wp-json\/wp\/v2\/types\/page"}],"author":[{"embeddable":true,"href":"https:\/\/molina-vela-abogados.com\/valencia\/wp-json\/wp\/v2\/users\/1"}],"replies":[{"embeddable":true,"href":"https:\/\/molina-vela-abogados.com\/valencia\/wp-json\/wp\/v2\/comments?post=285"}],"version-history":[{"count":4,"href":"https:\/\/molina-vela-abogados.com\/valencia\/wp-json\/wp\/v2\/pages\/285\/revisions"}],"predecessor-version":[{"id":309,"href":"https:\/\/molina-vela-abogados.com\/valencia\/wp-json\/wp\/v2\/pages\/285\/revisions\/309"}],"wp:attachment":[{"href":"https:\/\/molina-vela-abogados.com\/valencia\/wp-json\/wp\/v2\/media?parent=285"}],"curies":[{"name":"wp","href":"https:\/\/api.w.org\/{rel}","templated":true}]}}