{"id":2,"date":"2011-01-03T22:46:49","date_gmt":"2011-01-03T22:46:49","guid":{"rendered":"http:\/\/testing.quickinstall.com\/w1\/wordpress\/?page_id=2"},"modified":"2020-06-11T20:15:47","modified_gmt":"2020-06-11T19:15:47","slug":"about","status":"publish","type":"page","link":"https:\/\/molina-vela-abogados.com\/valencia\/","title":{"rendered":"Abogados de Familia en Valencia"},"content":{"rendered":"<p>En <strong>Molina Vela Abogados de Familia<\/strong> abarcamos todo el \u00e1rea del Derecho de Familia. Desde nuestro despacho, asesoramos de manera completa sobre todos los conflictos relacionados con la familia, con los divorcios, las separaciones, la custodia compartida, la ejecuci\u00f3n de sentencias, etc.&nbsp; Nuestra atenci\u00f3n es personalizada, incluso en los servicios de abogados on-line.<\/p>\n<p>Nos encontramos ubicados en el centro de Valencia, y, nuestros abogados est\u00e1n especializados en divorcios, separaciones,&nbsp; patria potestad, custodia compartida, ejecuci\u00f3n de sentencias y cuentan con una amplia experiencia en la resoluci\u00f3n de crisis familiares.<\/p>\n<p>Atendemos tanto v\u00eda Internet como de forma presencial, para ello, pida cita, bien llamando al n\u00famero de <a title=\"Contacto Abogados de Familia y Sociedades\" href=\"http:\/\/molina-vela-abogados.com\/valencia\/contacto\">tel\u00e9fono (+34) 657 05 97 71&nbsp;<\/a> o bien mediante nuestro <a title=\"Contacto Abogados de Familia y Sociedades\" href=\"http:\/\/molina-vela-abogados.com\/valencia\/contacto\">formulario de contacto<\/a> o a trav\u00e9s del&nbsp; correo electr\u00f3nico <a title=\"Abogados de familia en Valencia\" href=\"mailto:molina.vela.abogados@gmail.com\">molina.vela.abogados@gmail.com<\/a><\/p>\n<p>Mediamos ante las crisis familiares y, ante la inevitable ruptura, somos capaces de actuar con eficacia y solucionar, de mutuo acuerdo, el conflicto, redactando los acuerdos a los que las partes hayan llegado y la tramitaci\u00f3n judicial de los mismos.<\/p>\n<p>Redactamos acuerdos prematrimoniales, liquidamos reg\u00edmenes econ\u00f3micos, tanto judicialmente como extrajudicialmente.<\/p>\n<p>En el \u00e1mbito judicial, actuamos en supuestos de:<\/p>\n<p><strong>Separaciones<br \/>\nDivorcios<br \/>\nConvenios Reguladores<br \/>\nModificaci\u00f3n de medidas<br \/>\nParejas de hecho<br \/>\nSeparaciones de bienes y Divisi\u00f3n de Patrimonios<br \/>\nDisoluci\u00f3n y Liquidaci\u00f3n de sociedades de gananciales<br \/>\nAdopciones<br \/>\nDesamparos<br \/>\nEjecuci\u00f3n Impago de Pensiones (compensatoria y de alimentos)<br \/>\nGuarda y custodia<br \/>\nPaternidades<\/strong><\/p>\n<p>Nuestra directora, Beatriz Molina Vela, es abogado y se encuentra dedicada al ejercicio de la profesi\u00f3n de manera continuada desde el a\u00f1o 1999.<\/p>\n<div class=\"sharedaddy sd-sharing-enabled\"><div class=\"robots-nocontent sd-block sd-social sd-social-icon sd-sharing\"><h3 class=\"sd-title\">Comparte esta p\u00e1gina:<\/h3><div class=\"sd-content\"><ul><li class=\"share-facebook\"><a rel=\"nofollow noopener noreferrer\" data-shared=\"sharing-facebook-2\" class=\"share-facebook sd-button share-icon no-text\" href=\"https:\/\/molina-vela-abogados.com\/valencia\/?share=facebook\" target=\"_blank\" title=\"Haz clic para compartir en Facebook\"><span><\/span><span class=\"sharing-screen-reader-text\">Haz clic para compartir en Facebook (Se abre en una ventana nueva)<\/span><\/a><\/li><li class=\"share-twitter\"><a rel=\"nofollow noopener noreferrer\" data-shared=\"sharing-twitter-2\" class=\"share-twitter sd-button share-icon no-text\" href=\"https:\/\/molina-vela-abogados.com\/valencia\/?share=twitter\" target=\"_blank\" title=\"Haz clic para compartir en Twitter\"><span><\/span><span class=\"sharing-screen-reader-text\">Haz clic para compartir en Twitter (Se abre en una ventana nueva)<\/span><\/a><\/li><li class=\"share-linkedin\"><a rel=\"nofollow noopener noreferrer\" data-shared=\"sharing-linkedin-2\" class=\"share-linkedin sd-button share-icon no-text\" href=\"https:\/\/molina-vela-abogados.com\/valencia\/?share=linkedin\" target=\"_blank\" title=\"Haz clic para compartir en LinkedIn\"><span><\/span><span class=\"sharing-screen-reader-text\">Haz clic para compartir en LinkedIn (Se abre en una ventana nueva)<\/span><\/a><\/li><li class=\"share-print\"><a rel=\"nofollow noopener noreferrer\" data-shared=\"\" class=\"share-print sd-button share-icon no-text\" href=\"https:\/\/molina-vela-abogados.com\/valencia\/\" target=\"_blank\" title=\"Haz clic para imprimir\"><span><\/span><span class=\"sharing-screen-reader-text\">Haz clic para imprimir (Se abre en una ventana nueva)<\/span><\/a><\/li><li class=\"share-email\"><a rel=\"nofollow noopener noreferrer\" data-shared=\"\" class=\"share-email sd-button share-icon no-text\" href=\"https:\/\/molina-vela-abogados.com\/valencia\/?share=email\" target=\"_blank\" title=\"Haz clic para enviar por correo electr\u00f3nico a un amigo\"><span><\/span><span class=\"sharing-screen-reader-text\">Haz clic para enviar por correo electr\u00f3nico a un amigo (Se abre en una ventana nueva)<\/span><\/a><\/li><li class=\"share-end\"><\/li><\/ul><\/div><\/div><\/div>","protected":false},"excerpt":{"rendered":"<p>En Molina Vela Abogados de Familia abarcamos todo el \u00e1rea del Derecho de Familia. Desde nuestro despacho, asesoramos de manera completa sobre todos los conflictos relacionados con la familia, con los divorcios, las separaciones, la custodia compartida, la ejecuci\u00f3n de sentencias, etc.&nbsp; Nuestra atenci\u00f3n es personalizada, incluso en los servicios de abogados on-line. Nos encontramos &hellip; <a href=\"https:\/\/molina-vela-abogados.com\/valencia\/\" class=\"more-link\">Seguir leyendo <span class=\"screen-reader-text\">Abogados de Familia en Valencia<\/span> <span class=\"meta-nav\">&rarr;<\/span><\/a><\/p>\n<div class=\"sharedaddy sd-sharing-enabled\"><div class=\"robots-nocontent sd-block sd-social sd-social-icon sd-sharing\"><h3 class=\"sd-title\">Comparte esta p\u00e1gina:<\/h3><div class=\"sd-content\"><ul><li class=\"share-facebook\"><a rel=\"nofollow noopener noreferrer\" data-shared=\"sharing-facebook-2\" class=\"share-facebook sd-button share-icon no-text\" href=\"https:\/\/molina-vela-abogados.com\/valencia\/?share=facebook\" target=\"_blank\" title=\"Haz clic para compartir en Facebook\"><span><\/span><span class=\"sharing-screen-reader-text\">Haz clic para compartir en Facebook (Se abre en una ventana nueva)<\/span><\/a><\/li><li class=\"share-twitter\"><a rel=\"nofollow noopener noreferrer\" data-shared=\"sharing-twitter-2\" class=\"share-twitter sd-button share-icon no-text\" href=\"https:\/\/molina-vela-abogados.com\/valencia\/?share=twitter\" target=\"_blank\" title=\"Haz clic para compartir en Twitter\"><span><\/span><span class=\"sharing-screen-reader-text\">Haz clic para compartir en Twitter (Se abre en una ventana nueva)<\/span><\/a><\/li><li class=\"share-linkedin\"><a rel=\"nofollow noopener noreferrer\" data-shared=\"sharing-linkedin-2\" class=\"share-linkedin sd-button share-icon no-text\" href=\"https:\/\/molina-vela-abogados.com\/valencia\/?share=linkedin\" target=\"_blank\" title=\"Haz clic para compartir en LinkedIn\"><span><\/span><span class=\"sharing-screen-reader-text\">Haz clic para compartir en LinkedIn (Se abre en una ventana nueva)<\/span><\/a><\/li><li class=\"share-print\"><a rel=\"nofollow noopener noreferrer\" data-shared=\"\" class=\"share-print sd-button share-icon no-text\" href=\"https:\/\/molina-vela-abogados.com\/valencia\/\" target=\"_blank\" title=\"Haz clic para imprimir\"><span><\/span><span class=\"sharing-screen-reader-text\">Haz clic para imprimir (Se abre en una ventana nueva)<\/span><\/a><\/li><li class=\"share-email\"><a rel=\"nofollow noopener noreferrer\" data-shared=\"\" class=\"share-email sd-button share-icon no-text\" href=\"https:\/\/molina-vela-abogados.com\/valencia\/?share=email\" target=\"_blank\" title=\"Haz clic para enviar por correo electr\u00f3nico a un amigo\"><span><\/span><span class=\"sharing-screen-reader-text\">Haz clic para enviar por correo electr\u00f3nico a un amigo (Se abre en una ventana nueva)<\/span><\/a><\/li><li class=\"share-end\"><\/li><\/ul><\/div><\/div><\/div>","protected":false},"author":2,"featured_media":0,"parent":0,"menu_order":0,"comment_status":"closed","ping_status":"open","template":"","meta":{"spay_email":""},"jetpack_shortlink":"https:\/\/wp.me\/P23X9y-2","jetpack_sharing_enabled":true,"jetpack_likes_enabled":true,"_links":{"self":[{"href":"https:\/\/molina-vela-abogados.com\/valencia\/wp-json\/wp\/v2\/pages\/2"}],"collection":[{"href":"https:\/\/molina-vela-abogados.com\/valencia\/wp-json\/wp\/v2\/pages"}],"about":[{"href":"https:\/\/molina-vela-abogados.com\/valencia\/wp-json\/wp\/v2\/types\/page"}],"author":[{"embeddable":true,"href":"https:\/\/molina-vela-abogados.com\/valencia\/wp-json\/wp\/v2\/users\/2"}],"replies":[{"embeddable":true,"href":"https:\/\/molina-vela-abogados.com\/valencia\/wp-json\/wp\/v2\/comments?post=2"}],"version-history":[{"count":17,"href":"https:\/\/molina-vela-abogados.com\/valencia\/wp-json\/wp\/v2\/pages\/2\/revisions"}],"predecessor-version":[{"id":298,"href":"https:\/\/molina-vela-abogados.com\/valencia\/wp-json\/wp\/v2\/pages\/2\/revisions\/298"}],"wp:attachment":[{"href":"https:\/\/molina-vela-abogados.com\/valencia\/wp-json\/wp\/v2\/media?parent=2"}],"curies":[{"name":"wp","href":"https:\/\/api.w.org\/{rel}","templated":true}]}}